{"id":577,"date":"2025-07-01T11:34:16","date_gmt":"2025-07-01T09:34:16","guid":{"rendered":"http:\/\/localhost\/urbanosdeteruel\/?page_id=577"},"modified":"2025-10-06T12:19:09","modified_gmt":"2025-10-06T10:19:09","slug":"bonos-de-transporte-y-condiciones","status":"publish","type":"page","link":"http:\/\/urbanosdeteruel.es\/home\/bonos-de-transporte-y-condiciones\/","title":{"rendered":"Bonos de Transporte y condiciones"},"content":{"rendered":"\n<div class=\"wp-block-uagb-advanced-heading uagb-block-c3cc08b8\"><h3 class=\"uagb-heading-text\"><br>OBTENCI\u00d3N DEL BONO DE TRANSPORTE<br><br><\/h3><\/div>\n\n\n\n<p>Para la obtenci\u00f3n del bono de transporte urbano en cualquiera de sus modalidades, debe hacer de manera presencial en la oficina de\u00a0<a href=\"http:\/\/urbanosdeteruel.es\/home\/contactanos\/\">atenci\u00f3n al usuario<\/a>.<br>Se debe aportar la documentaci\u00f3n requerida en documento de condiciones y seg\u00fan los precios establecidos.<br>Rogamos que consulten la informaci\u00f3n publicada que detalla el funcionamiento de los mismos.<\/p>\n\n\n\n<div class=\"wp-block-uagb-advanced-heading uagb-block-0bcedbc5\"><h3 class=\"uagb-heading-text\">OBTENCI\u00d3N CONDICIONES GENERALES DE CONTRATACI\u00d3N Y USO DE ABONOS Y PASES EN EL SERVICIO DE TRANSPORTE URBANO<br><br><\/h3><\/div>\n\n\n\n<div data-wp-interactive=\"core\/file\" class=\"wp-block-file\"><object data-wp-bind--hidden=\"!state.hasPdfPreview\" hidden class=\"wp-block-file__embed\" data=\"http:\/\/urbanosdeteruel.es\/wp-content\/uploads\/2025\/07\/CONDICIONES_ABONOS_UDT_23-2.pdf\" type=\"application\/pdf\" style=\"width:100%;height:600px\" aria-label=\"Incrustado de CONDICIONES_ABONOS_UDT_23-2.\"><\/object><a id=\"wp-block-file--media-2d471582-39e1-42a2-90b9-1191d1f7ea80\" href=\"http:\/\/urbanosdeteruel.es\/wp-content\/uploads\/2025\/07\/CONDICIONES_ABONOS_UDT_23-2.pdf\">CONDICIONES_ABONOS_UDT_23-2<\/a><a href=\"http:\/\/urbanosdeteruel.es\/wp-content\/uploads\/2025\/07\/CONDICIONES_ABONOS_UDT_23-2.pdf\" class=\"wp-block-file__button wp-element-button\" download aria-describedby=\"wp-block-file--media-2d471582-39e1-42a2-90b9-1191d1f7ea80\">Descarga<\/a><\/div>\n\n\n\n<p><\/p>\n","protected":false},"excerpt":{"rendered":"<p>OBTENCI\u00d3N DEL BONO DE TRANSPORTE Para la obtenci\u00f3n del bono de transporte urbano en cualquiera de sus modalidades, debe hacer [&hellip;]<\/p>\n","protected":false},"author":1,"featured_media":0,"parent":0,"menu_order":0,"comment_status":"closed","ping_status":"closed","template":"","meta":{"_uag_custom_page_level_css":"","site-sidebar-layout":"default","site-content-layout":"","ast-site-content-layout":"default","site-content-style":"default","site-sidebar-style":"default","ast-global-header-display":"","ast-banner-title-visibility":"","ast-main-header-display":"","ast-hfb-above-header-display":"","ast-hfb-below-header-display":"","ast-hfb-mobile-header-display":"","site-post-title":"disabled","ast-breadcrumbs-content":"","ast-featured-img":"","footer-sml-layout":"","theme-transparent-header-meta":"","adv-header-id-meta":"","stick-header-meta":"","header-above-stick-meta":"","header-main-stick-meta":"","header-below-stick-meta":"","astra-migrate-meta-layouts":"default","ast-page-background-enabled":"default","ast-page-background-meta":{"desktop":{"background-color":"var(--ast-global-color-4)","background-image":"","background-repeat":"repeat","background-position":"center center","background-size":"auto","background-attachment":"scroll","background-type":"","background-media":"","overlay-type":"","overlay-color":"","overlay-opacity":"","overlay-gradient":""},"tablet":{"background-color":"","background-image":"","background-repeat":"repeat","background-position":"center center","background-size":"auto","background-attachment":"scroll","background-type":"","background-media":"","overlay-type":"","overlay-color":"","overlay-opacity":"","overlay-gradient":""},"mobile":{"background-color":"","background-image":"","background-repeat":"repeat","background-position":"center center","background-size":"auto","background-attachment":"scroll","background-type":"","background-media":"","overlay-type":"","overlay-color":"","overlay-opacity":"","overlay-gradient":""}},"ast-content-background-meta":{"desktop":{"background-color":"var(--ast-global-color-5)","background-image":"","background-repeat":"repeat","background-position":"center center","background-size":"auto","background-attachment":"scroll","background-type":"","background-media":"","overlay-type":"","overlay-color":"","overlay-opacity":"","overlay-gradient":""},"tablet":{"background-color":"var(--ast-global-color-5)","background-image":"","background-repeat":"repeat","background-position":"center center","background-size":"auto","background-attachment":"scroll","background-type":"","background-media":"","overlay-type":"","overlay-color":"","overlay-opacity":"","overlay-gradient":""},"mobile":{"background-color":"var(--ast-global-color-5)","background-image":"","background-repeat":"repeat","background-position":"center center","background-size":"auto","background-attachment":"scroll","background-type":"","background-media":"","overlay-type":"","overlay-color":"","overlay-opacity":"","overlay-gradient":""}},"footnotes":""},"class_list":["post-577","page","type-page","status-publish","hentry"],"uagb_featured_image_src":{"full":false,"thumbnail":false,"medium":false,"medium_large":false,"large":false,"1536x1536":false,"2048x2048":false},"uagb_author_info":{"display_name":"a1123dministracion","author_link":"http:\/\/urbanosdeteruel.es\/home\/author\/a1123dministracion\/"},"uagb_comment_info":0,"uagb_excerpt":"OBTENCI\u00d3N DEL BONO DE TRANSPORTE Para la obtenci\u00f3n del bono de transporte urbano en cualquiera de sus modalidades, debe hacer [&hellip;]","_links":{"self":[{"href":"http:\/\/urbanosdeteruel.es\/home\/wp-json\/wp\/v2\/pages\/577","targetHints":{"allow":["GET"]}}],"collection":[{"href":"http:\/\/urbanosdeteruel.es\/home\/wp-json\/wp\/v2\/pages"}],"about":[{"href":"http:\/\/urbanosdeteruel.es\/home\/wp-json\/wp\/v2\/types\/page"}],"author":[{"embeddable":true,"href":"http:\/\/urbanosdeteruel.es\/home\/wp-json\/wp\/v2\/users\/1"}],"replies":[{"embeddable":true,"href":"http:\/\/urbanosdeteruel.es\/home\/wp-json\/wp\/v2\/comments?post=577"}],"version-history":[{"count":16,"href":"http:\/\/urbanosdeteruel.es\/home\/wp-json\/wp\/v2\/pages\/577\/revisions"}],"predecessor-version":[{"id":894,"href":"http:\/\/urbanosdeteruel.es\/home\/wp-json\/wp\/v2\/pages\/577\/revisions\/894"}],"wp:attachment":[{"href":"http:\/\/urbanosdeteruel.es\/home\/wp-json\/wp\/v2\/media?parent=577"}],"curies":[{"name":"wp","href":"https:\/\/api.w.org\/{rel}","templated":true}]}}